{"id":9,"date":"2026-04-12T15:56:29","date_gmt":"2026-04-12T13:56:29","guid":{"rendered":"https:\/\/ms2.zkusebniweb.cz\/?page_id=9"},"modified":"2026-04-12T15:59:22","modified_gmt":"2026-04-12T13:59:22","slug":"elementor-9","status":"publish","type":"page","link":"https:\/\/ms2.zkusebniweb.cz\/","title":{"rendered":"Elementor #9"},"content":{"rendered":"\t\t<div data-elementor-type=\"wp-post\" data-elementor-id=\"9\" class=\"elementor elementor-9\">\n\t\t\t\t<div class=\"elementor-element elementor-element-d62dd52 e-flex e-con-boxed e-con e-parent\" data-id=\"d62dd52\" data-element_type=\"container\" data-e-type=\"container\">\n\t\t\t\t\t<div class=\"e-con-inner\">\n\t\t\t\t<div class=\"elementor-element elementor-element-464f88b elementor-widget elementor-widget-shortcode\" data-id=\"464f88b\" data-element_type=\"widget\" data-e-type=\"widget\" data-widget_type=\"shortcode.default\">\n\t\t\t\t\t\t\t<div class=\"elementor-shortcode\"><div class=\"msd-shell msd-unified\"><div class=\"msd-unified-login-wrap\"><img decoding=\"async\" src=\"https:\/\/ms2.zkusebniweb.cz\/wp-content\/uploads\/2026\/04\/9af7af_1d1fe057213c47c790a09ad00c6fe020.png-4.avif\" alt=\"Logo \u0161kolky\" class=\"msd-login-logo\"><div class=\"msd-unified-login-card\"><h2>P\u0159ihl\u00e1\u0161en\u00ed do port\u00e1lu<\/h2><p class=\"msd-note\">P\u0159ihlaste se sv\u00fdm e-mailem nebo u\u017eivatelsk\u00fdm jm\u00e9nem. Po p\u0159ihl\u00e1\u0161en\u00ed se zobraz\u00ed sekce odpov\u00eddaj\u00edc\u00ed va\u0161\u00ed roli.<\/p><div class=\"msd-form-grid msd-login-form\"><label>E-mail nebo u\u017eivatel<input type=\"text\" id=\"msd-login-login\" autocomplete=\"username\" placeholder=\"V\u00e1\u0161 e-mail nebo login\"><\/label><label>Heslo<input type=\"password\" id=\"msd-login-password\" autocomplete=\"current-password\" placeholder=\"Va\u0161e heslo\"><\/label><\/div><button class=\"msd-btn msd-btn-full\" id=\"msd-login-submit\">P\u0159ihl\u00e1sit se<\/button><div id=\"msd-login-msg\" class=\"msd-login-msg\"><\/div><\/div><\/div><\/div><\/div>\n\t\t\t\t\t\t<\/div>\n\t\t\t\t\t<\/div>\n\t\t\t\t<\/div>\n\t\t\t\t<\/div>\n\t\t","protected":false},"excerpt":{"rendered":"","protected":false},"author":1,"featured_media":0,"parent":0,"menu_order":0,"comment_status":"closed","ping_status":"closed","template":"elementor_canvas","meta":{"footnotes":""},"class_list":["post-9","page","type-page","status-publish","hentry"],"_links":{"self":[{"href":"https:\/\/ms2.zkusebniweb.cz\/index.php\/wp-json\/wp\/v2\/pages\/9","targetHints":{"allow":["GET"]}}],"collection":[{"href":"https:\/\/ms2.zkusebniweb.cz\/index.php\/wp-json\/wp\/v2\/pages"}],"about":[{"href":"https:\/\/ms2.zkusebniweb.cz\/index.php\/wp-json\/wp\/v2\/types\/page"}],"author":[{"embeddable":true,"href":"https:\/\/ms2.zkusebniweb.cz\/index.php\/wp-json\/wp\/v2\/users\/1"}],"replies":[{"embeddable":true,"href":"https:\/\/ms2.zkusebniweb.cz\/index.php\/wp-json\/wp\/v2\/comments?post=9"}],"version-history":[{"count":7,"href":"https:\/\/ms2.zkusebniweb.cz\/index.php\/wp-json\/wp\/v2\/pages\/9\/revisions"}],"predecessor-version":[{"id":23,"href":"https:\/\/ms2.zkusebniweb.cz\/index.php\/wp-json\/wp\/v2\/pages\/9\/revisions\/23"}],"wp:attachment":[{"href":"https:\/\/ms2.zkusebniweb.cz\/index.php\/wp-json\/wp\/v2\/media?parent=9"}],"curies":[{"name":"wp","href":"https:\/\/api.w.org\/{rel}","templated":true}]}}